{"id":5,"date":"2017-09-19T16:29:59","date_gmt":"2017-09-19T14:29:59","guid":{"rendered":"https:\/\/www.cleaningsupport.cz\/?page_id=5"},"modified":"2017-11-26T15:45:20","modified_gmt":"2017-11-26T14:45:20","slug":"home","status":"publish","type":"page","link":"https:\/\/www.cleaningsupport.cz\/","title":{"rendered":"P\u0159i na\u0161\u00ed pr\u00e1ci:"},"content":{"rendered":"<div id=\"pl-5\"  class=\"panel-layout\" ><div id=\"pg-5-0\"  class=\"panel-grid panel-has-style\" ><div class=\"siteorigin-panels-stretch panel-row-style panel-row-style-for-5-0\" style=\"text-align: center;padding: 10px 0; \" data-stretch-type=\"full-stretched\" data-overlay=\"true\" data-overlay-color=\"#000000\" ><div id=\"pgc-5-0-0\"  class=\"panel-grid-cell\" ><div id=\"panel-5-0-0-0\" class=\"so-panel widget widget_sow-image panel-first-child panel-last-child\" data-index=\"0\" ><div style=\"text-align: left;\" data-title-color=\"#443f3f\" data-headings-color=\"#443f3f\" class=\"panel-widget-style panel-widget-style-for-5-0-0-0\" ><div class=\"so-widget-sow-image so-widget-sow-image-default-2ec334f0a340\">\n\n<div class=\"sow-image-container\">\n\t<img src=\"https:\/\/www.cleaningsupport.cz\/wp-content\/uploads\/2017\/11\/graphic-designers-in-a-meeting.png\" width=\"300\" height=\"200\" srcset=\"https:\/\/www.cleaningsupport.cz\/wp-content\/uploads\/2017\/11\/graphic-designers-in-a-meeting.png 300w, https:\/\/www.cleaningsupport.cz\/wp-content\/uploads\/2017\/11\/graphic-designers-in-a-meeting-230x153.png 230w\" sizes=\"(max-width: 300px) 100vw, 300px\" alt=\"\" \t\tclass=\"so-widget-image\"\/>\n<\/div>\n\n<\/div><\/div><\/div><\/div><div id=\"pgc-5-0-1\"  class=\"panel-grid-cell\" ><div id=\"panel-5-0-1-0\" class=\"so-panel widget widget_text panel-first-child panel-last-child\" data-index=\"1\" ><div style=\"text-align: left;\" data-title-color=\"#443f3f\" data-headings-color=\"#443f3f\" class=\"panel-widget-style panel-widget-style-for-5-0-1-0\" >\t\t\t<div class=\"textwidget\"><p>&nbsp;<\/p>\n<p style=\"text-align: left;\">\u2026 pou\u017e\u00edv\u00e1me nejmodern\u011bj\u0161\u00ed technologie a ekologick\u00e9 \u010dist\u00edc\u00ed prost\u0159edky<br \/>\n\u2026 pe\u010dliv\u011b vyb\u00edr\u00e1me, prov\u011b\u0159ujeme a odborn\u011b za\u0161kolujeme sv\u00e9 spolupracovn\u00edky<\/p>\n<\/div>\n\t\t<\/div><\/div><\/div><\/div><\/div><div id=\"pg-5-1\"  class=\"panel-grid panel-has-style\" ><div style=\"text-align: center;padding: 10px 0; \" data-overlay=\"true\" data-overlay-color=\"#000000\" class=\"panel-row-style panel-row-style-for-5-1\" ><div id=\"pgc-5-1-0\"  class=\"panel-grid-cell\" ><div id=\"panel-5-1-0-0\" class=\"so-panel widget widget_text panel-first-child panel-last-child\" data-index=\"2\" ><div style=\"text-align: left;\" data-title-color=\"#443f3f\" data-headings-color=\"#443f3f\" class=\"panel-widget-style panel-widget-style-for-5-1-0-0\" >\t\t\t<div class=\"textwidget\"><p>&nbsp;<\/p>\n<p style=\"text-align: left;\">\u2026 zachov\u00e1v\u00e1me vysok\u00fd standard poskytovan\u00fdch slu\u017eeb<br \/>\n\u2026 zaru\u010dujeme sv\u00fdm klient\u016fm v\u00fdhodn\u00e9 ceny, d\u00edky p\u0159\u00edm\u00e9 spolupr\u00e1ci s v\u00fdrobci<\/p>\n<\/div>\n\t\t<\/div><\/div><\/div><div id=\"pgc-5-1-1\"  class=\"panel-grid-cell\" ><div id=\"panel-5-1-1-0\" class=\"so-panel widget widget_sow-image panel-first-child panel-last-child\" data-index=\"3\" ><div style=\"text-align: left;\" data-title-color=\"#443f3f\" data-headings-color=\"#443f3f\" class=\"panel-widget-style panel-widget-style-for-5-1-1-0\" ><div class=\"so-widget-sow-image so-widget-sow-image-default-a5258576d588\">\n\n<div class=\"sow-image-container\">\n\t<img src=\"https:\/\/www.cleaningsupport.cz\/wp-content\/uploads\/2017\/11\/two-businesswomen-working-together.png\" width=\"300\" height=\"200\" srcset=\"https:\/\/www.cleaningsupport.cz\/wp-content\/uploads\/2017\/11\/two-businesswomen-working-together.png 300w, https:\/\/www.cleaningsupport.cz\/wp-content\/uploads\/2017\/11\/two-businesswomen-working-together-230x153.png 230w\" sizes=\"(max-width: 300px) 100vw, 300px\" alt=\"\" \t\tclass=\"so-widget-image\"\/>\n<\/div>\n\n<\/div><\/div><\/div><\/div><\/div><\/div><div id=\"pg-5-2\"  class=\"panel-grid panel-has-style\" ><div class=\"siteorigin-panels-stretch panel-row-style panel-row-style-for-5-2\" style=\"padding: 0px 0; \" data-stretch-type=\"full\" data-overlay=\"true\" data-overlay-color=\"#000000\" ><div id=\"pgc-5-2-0\"  class=\"panel-grid-cell\" ><div id=\"panel-5-2-0-0\" class=\"so-panel widget widget_sow-button panel-first-child panel-last-child\" data-index=\"4\" ><div style=\"text-align: right;\" data-title-color=\"#443f3f\" data-headings-color=\"#443f3f\" class=\"panel-widget-style panel-widget-style-for-5-2-0-0\" ><div class=\"so-widget-sow-button so-widget-sow-button-atom-5c9de4d82cbc\"><div class=\"ow-button-base ow-button-align-center\">\n\t<a href=\"https:\/\/www.cleaningsupport.cz\/?page_id=7\" class=\"ow-icon-placement-left ow-button-hover\" \t\t>\n\t\t<span>\n\t\t\t<span class=\"sow-icon-fontawesome sow-fas\" data-sow-icon=\"&#xf303;\"\n\t\t ><\/span>\n\t\t\tPoslat popt\u00e1vku\t\t<\/span>\n\t<\/a>\n<\/div>\n<\/div><\/div><\/div><\/div><\/div><\/div><\/div>","protected":false},"excerpt":{"rendered":"<p>&nbsp; \u2026 pou\u017e\u00edv\u00e1me nejmodern\u011bj\u0161\u00ed technologie a ekologick\u00e9 \u010dist\u00edc\u00ed prost\u0159edky \u2026 pe\u010dliv\u011b vyb\u00edr\u00e1me, prov\u011b\u0159ujeme a odborn\u011b za\u0161kolujeme sv\u00e9 spolupracovn\u00edky &nbsp; \u2026 zachov\u00e1v\u00e1me vysok\u00fd standard poskytovan\u00fdch slu\u017eeb \u2026 zaru\u010dujeme sv\u00fdm klient\u016fm v\u00fdhodn\u00e9 ceny, d\u00edky p\u0159\u00edm\u00e9 spolupr\u00e1ci s v\u00fdrobci<\/p>\n","protected":false},"author":1,"featured_media":0,"parent":0,"menu_order":0,"comment_status":"closed","ping_status":"closed","template":"","meta":[],"_links":{"self":[{"href":"https:\/\/www.cleaningsupport.cz\/index.php?rest_route=\/wp\/v2\/pages\/5"}],"collection":[{"href":"https:\/\/www.cleaningsupport.cz\/index.php?rest_route=\/wp\/v2\/pages"}],"about":[{"href":"https:\/\/www.cleaningsupport.cz\/index.php?rest_route=\/wp\/v2\/types\/page"}],"author":[{"embeddable":true,"href":"https:\/\/www.cleaningsupport.cz\/index.php?rest_route=\/wp\/v2\/users\/1"}],"replies":[{"embeddable":true,"href":"https:\/\/www.cleaningsupport.cz\/index.php?rest_route=%2Fwp%2Fv2%2Fcomments&post=5"}],"version-history":[{"count":27,"href":"https:\/\/www.cleaningsupport.cz\/index.php?rest_route=\/wp\/v2\/pages\/5\/revisions"}],"predecessor-version":[{"id":102,"href":"https:\/\/www.cleaningsupport.cz\/index.php?rest_route=\/wp\/v2\/pages\/5\/revisions\/102"}],"wp:attachment":[{"href":"https:\/\/www.cleaningsupport.cz\/index.php?rest_route=%2Fwp%2Fv2%2Fmedia&parent=5"}],"curies":[{"name":"wp","href":"https:\/\/api.w.org\/{rel}","templated":true}]}}