{"id":9,"date":"2017-09-19T16:29:59","date_gmt":"2017-09-19T14:29:59","guid":{"rendered":"https:\/\/www.cleaningsupport.cz\/?page_id=9"},"modified":"2018-03-13T22:12:42","modified_gmt":"2018-03-13T21:12:42","slug":"a-homepage-section","status":"publish","type":"page","link":"https:\/\/www.cleaningsupport.cz\/?page_id=9","title":{"rendered":""},"content":{"rendered":"<div id=\"pl-9\"  class=\"panel-layout\" ><div id=\"pg-9-0\"  class=\"panel-grid panel-has-style\" ><div style=\"padding: 10px 0; \" data-overlay=\"true\" data-overlay-color=\"#000000\" class=\"panel-row-style panel-row-style-for-9-0\" ><div id=\"pgc-9-0-0\"  class=\"panel-grid-cell\" ><div id=\"panel-9-0-0-0\" class=\"so-panel widget widget_media_image panel-first-child panel-last-child\" data-index=\"0\" ><div style=\"text-align: left;\" data-title-color=\"#443f3f\" data-headings-color=\"#443f3f\" class=\"panel-widget-style panel-widget-style-for-9-0-0-0\" ><img width=\"300\" height=\"200\" src=\"https:\/\/www.cleaningsupport.cz\/wp-content\/uploads\/2017\/11\/cleaning-the-faucet-300x200.png\" class=\"image wp-image-99  attachment-medium size-medium\" alt=\"\" loading=\"lazy\" style=\"max-width: 100%; height: auto;\" srcset=\"https:\/\/www.cleaningsupport.cz\/wp-content\/uploads\/2017\/11\/cleaning-the-faucet.png 300w, https:\/\/www.cleaningsupport.cz\/wp-content\/uploads\/2017\/11\/cleaning-the-faucet-230x153.png 230w\" sizes=\"(max-width: 300px) 100vw, 300px\" \/><\/div><\/div><\/div><div id=\"pgc-9-0-1\"  class=\"panel-grid-cell\" ><div id=\"panel-9-0-1-0\" class=\"so-panel widget widget_sow-editor panel-first-child\" data-index=\"1\" ><div style=\"text-align: left;\" data-title-color=\"#443f3f\" data-headings-color=\"#443f3f\" class=\"panel-widget-style panel-widget-style-for-9-0-1-0\" ><div class=\"so-widget-sow-editor so-widget-sow-editor-base\">\n<div class=\"siteorigin-widget-tinymce textwidget\">\n\t<h2>Komplexn\u00ed \u00faklidov\u00e9 slu\u017eby<\/h2>\n<ul>\n<li>pravideln\u00fd denn\u00ed\u00a0\u00faklid administrativn\u00edch prostor<\/li>\n<li>pravideln\u00fd denn\u00ed \u00faklid spole\u010dn\u00fdch prostor a soci\u00e1ln\u00edch za\u0159\u00edzen\u00ed<\/li>\n<li>denn\u00ed servis<\/li>\n<li>\u00faklidov\u00fd a desinfek\u010dn\u00ed servis pro zdravotnick\u00e1 za\u0159\u00edzen\u00ed<\/li>\n<li>slu\u017eby pro hotelov\u00e1 za\u0159\u00edzen\u00ed<\/li>\n<li>\u00faklid byt\u016f a rodinn\u00fdch dom\u016f<\/li>\n<\/ul>\n<\/div>\n<\/div><\/div><\/div><div id=\"panel-9-0-1-1\" class=\"so-panel widget widget_sow-button panel-last-child\" data-index=\"2\" ><div style=\"text-align: left;\" data-title-color=\"#443f3f\" data-headings-color=\"#443f3f\" class=\"panel-widget-style panel-widget-style-for-9-0-1-1\" ><div class=\"so-widget-sow-button so-widget-sow-button-flat-4d1579b7213f\"><div class=\"ow-button-base ow-button-align-center\">\n\t<a href=\"https:\/\/www.cleaningsupport.cz\/?page_id=7\" class=\"ow-icon-placement-left ow-button-hover\" \t\t>\n\t\t<span>\n\t\t\t<span class=\"sow-icon-fontawesome sow-fas\" data-sow-icon=\"&#xf303;\"\n\t\t ><\/span>\n\t\t\tPoslat popt\u00e1vku\t\t<\/span>\n\t<\/a>\n<\/div>\n<\/div><\/div><\/div><\/div><\/div><\/div><div id=\"pg-9-1\"  class=\"panel-grid panel-has-style\" ><div style=\"padding: 10px 0; \" data-overlay=\"true\" data-overlay-color=\"#000000\" class=\"panel-row-style panel-row-style-for-9-1\" ><div id=\"pgc-9-1-0\"  class=\"panel-grid-cell\" ><div id=\"panel-9-1-0-0\" class=\"so-panel widget widget_media_image panel-first-child panel-last-child\" data-index=\"3\" ><div style=\"text-align: left;\" data-title-color=\"#443f3f\" data-headings-color=\"#443f3f\" class=\"panel-widget-style panel-widget-style-for-9-1-0-0\" ><img width=\"300\" height=\"200\" src=\"https:\/\/www.cleaningsupport.cz\/wp-content\/uploads\/2017\/11\/The-cleaner-in-clean-glass-building-300x200.png\" class=\"image wp-image-125  attachment-medium size-medium\" alt=\"\" loading=\"lazy\" style=\"max-width: 100%; height: auto;\" srcset=\"https:\/\/www.cleaningsupport.cz\/wp-content\/uploads\/2017\/11\/The-cleaner-in-clean-glass-building.png 300w, https:\/\/www.cleaningsupport.cz\/wp-content\/uploads\/2017\/11\/The-cleaner-in-clean-glass-building-230x153.png 230w, https:\/\/www.cleaningsupport.cz\/wp-content\/uploads\/2017\/11\/The-cleaner-in-clean-glass-building-272x182.png 272w\" sizes=\"(max-width: 300px) 100vw, 300px\" \/><\/div><\/div><\/div><div id=\"pgc-9-1-1\"  class=\"panel-grid-cell\" ><div id=\"panel-9-1-1-0\" class=\"so-panel widget widget_sow-editor panel-first-child\" data-index=\"4\" ><div style=\"text-align: left;\" data-title-color=\"#443f3f\" data-headings-color=\"#443f3f\" class=\"panel-widget-style panel-widget-style-for-9-1-1-0\" ><div class=\"so-widget-sow-editor so-widget-sow-editor-base\">\n<div class=\"siteorigin-widget-tinymce textwidget\">\n\t<h2>Jednor\u00e1zov\u00e9 a gener\u00e1ln\u00ed \u00faklidy<\/h2>\n<ul>\n<li>myt\u00ed oken, sklen\u011bn\u00fdch p\u0159\u00ed\u010dek<\/li>\n<li>myt\u00ed fas\u00e1d<\/li>\n<li>v\u00fd\u0161kov\u00e9 pr\u00e1ce<\/li>\n<li>\u010di\u0161t\u011bn\u00ed koberc\u016f<\/li>\n<li>\u010di\u0161t\u011bn\u00ed \u017ealuzi\u00ed<\/li>\n<li>strojov\u00e9 myt\u00ed a \u010di\u0161t\u011bn\u00ed podlah<\/li>\n<li>renovace a impregnace podlah, pokl\u00e1dka polymer\u016f<\/li>\n<li>odstran\u011bn\u00ed sgrafitti<\/li>\n<\/ul>\n<\/div>\n<\/div><\/div><\/div><div id=\"panel-9-1-1-1\" class=\"so-panel widget widget_sow-button panel-last-child\" data-index=\"5\" ><div style=\"text-align: left;\" data-title-color=\"#443f3f\" data-headings-color=\"#443f3f\" class=\"panel-widget-style panel-widget-style-for-9-1-1-1\" ><div class=\"so-widget-sow-button so-widget-sow-button-flat-4d1579b7213f\"><div class=\"ow-button-base ow-button-align-center\">\n\t<a href=\"https:\/\/www.cleaningsupport.cz\/?page_id=7\" class=\"ow-icon-placement-left ow-button-hover\" \t\t>\n\t\t<span>\n\t\t\t<span class=\"sow-icon-fontawesome sow-fas\" data-sow-icon=\"&#xf303;\"\n\t\t ><\/span>\n\t\t\tPoslat popt\u00e1vku\t\t<\/span>\n\t<\/a>\n<\/div>\n<\/div><\/div><\/div><\/div><\/div><\/div><div id=\"pg-9-2\"  class=\"panel-grid panel-has-style\" ><div style=\"padding: 10px 0; \" data-overlay=\"true\" data-overlay-color=\"#000000\" class=\"panel-row-style panel-row-style-for-9-2\" ><div id=\"pgc-9-2-0\"  class=\"panel-grid-cell\" ><div id=\"panel-9-2-0-0\" class=\"so-panel widget widget_media_image panel-first-child panel-last-child\" data-index=\"6\" ><div style=\"text-align: left;\" data-title-color=\"#443f3f\" data-headings-color=\"#443f3f\" class=\"panel-widget-style panel-widget-style-for-9-2-0-0\" ><img width=\"300\" height=\"200\" src=\"https:\/\/www.cleaningsupport.cz\/wp-content\/uploads\/2017\/11\/grass_cutting_machine_price_in_kerala_128_fascinating_ideas_on_brushcutter__fr-848x404-300x200.png\" class=\"image wp-image-128  attachment-medium size-medium\" alt=\"\" loading=\"lazy\" style=\"max-width: 100%; height: auto;\" srcset=\"https:\/\/www.cleaningsupport.cz\/wp-content\/uploads\/2017\/11\/grass_cutting_machine_price_in_kerala_128_fascinating_ideas_on_brushcutter__fr-848x404.png 300w, https:\/\/www.cleaningsupport.cz\/wp-content\/uploads\/2017\/11\/grass_cutting_machine_price_in_kerala_128_fascinating_ideas_on_brushcutter__fr-848x404-230x153.png 230w, https:\/\/www.cleaningsupport.cz\/wp-content\/uploads\/2017\/11\/grass_cutting_machine_price_in_kerala_128_fascinating_ideas_on_brushcutter__fr-848x404-272x182.png 272w\" sizes=\"(max-width: 300px) 100vw, 300px\" \/><\/div><\/div><\/div><div id=\"pgc-9-2-1\"  class=\"panel-grid-cell\" ><div id=\"panel-9-2-1-0\" class=\"so-panel widget widget_sow-editor panel-first-child\" data-index=\"7\" ><div style=\"text-align: left;\" data-title-color=\"#443f3f\" data-headings-color=\"#443f3f\" class=\"panel-widget-style panel-widget-style-for-9-2-1-0\" ><div class=\"so-widget-sow-editor so-widget-sow-editor-base\">\n<div class=\"siteorigin-widget-tinymce textwidget\">\n\t<h2>Venkovn\u00ed \u00faklid, p\u00e9\u010de o zele\u0148 , zimn\u00ed \u00fadr\u017eba<\/h2>\n<ul>\n<li>\u00faklid a \u010di\u0161t\u011bn\u00ed venkovn\u00edch ploch a komunikac\u00ed<\/li>\n<li>\u00fadr\u017eba zelen\u011b, sek\u00e1n\u00ed tr\u00e1vy, provzdu\u0161\u0148ov\u00e1n\u00ed tr\u00e1vn\u00edk\u016f<\/li>\n<li>chemick\u00e9 o\u0161et\u0159en\u00ed<\/li>\n<li>zimn\u00ed \u00fadr\u017eba venkovn\u00edch ploch<\/li>\n<li>odhrnov\u00e1n\u00ed sn\u011bhu a posyp komunikac\u00ed<\/li>\n<\/ul>\n<\/div>\n<\/div><\/div><\/div><div id=\"panel-9-2-1-1\" class=\"so-panel widget widget_sow-button panel-last-child\" data-index=\"8\" ><div style=\"text-align: left;\" data-title-color=\"#443f3f\" data-headings-color=\"#443f3f\" class=\"panel-widget-style panel-widget-style-for-9-2-1-1\" ><div class=\"so-widget-sow-button so-widget-sow-button-flat-4d1579b7213f\"><div class=\"ow-button-base ow-button-align-center\">\n\t<a href=\"https:\/\/www.cleaningsupport.cz\/?page_id=7\" class=\"ow-icon-placement-left ow-button-hover\" \t\t>\n\t\t<span>\n\t\t\t<span class=\"sow-icon-fontawesome sow-fas\" data-sow-icon=\"&#xf303;\"\n\t\t ><\/span>\n\t\t\tPoslat popt\u00e1vku\t\t<\/span>\n\t<\/a>\n<\/div>\n<\/div><\/div><\/div><\/div><\/div><\/div><div id=\"pg-9-3\"  class=\"panel-grid panel-has-style\" ><div style=\"padding: 10px 0; \" data-overlay=\"true\" data-overlay-color=\"#000000\" class=\"panel-row-style panel-row-style-for-9-3\" ><div id=\"pgc-9-3-0\"  class=\"panel-grid-cell\" ><div id=\"panel-9-3-0-0\" class=\"so-panel widget widget_media_image panel-first-child panel-last-child\" data-index=\"9\" ><div style=\"text-align: left;\" data-title-color=\"#443f3f\" data-headings-color=\"#443f3f\" class=\"panel-widget-style panel-widget-style-for-9-3-0-0\" ><img width=\"300\" height=\"200\" src=\"https:\/\/www.cleaningsupport.cz\/wp-content\/uploads\/2017\/11\/top-view-of-co-workers-planning-a-strategy-300x200.png\" class=\"image wp-image-131  attachment-medium size-medium\" alt=\"\" loading=\"lazy\" style=\"max-width: 100%; height: auto;\" srcset=\"https:\/\/www.cleaningsupport.cz\/wp-content\/uploads\/2017\/11\/top-view-of-co-workers-planning-a-strategy.png 300w, https:\/\/www.cleaningsupport.cz\/wp-content\/uploads\/2017\/11\/top-view-of-co-workers-planning-a-strategy-230x153.png 230w, https:\/\/www.cleaningsupport.cz\/wp-content\/uploads\/2017\/11\/top-view-of-co-workers-planning-a-strategy-272x182.png 272w\" sizes=\"(max-width: 300px) 100vw, 300px\" \/><\/div><\/div><\/div><div id=\"pgc-9-3-1\"  class=\"panel-grid-cell\" ><div id=\"panel-9-3-1-0\" class=\"so-panel widget widget_sow-editor panel-first-child\" data-index=\"10\" ><div style=\"text-align: left;\" data-title-color=\"#443f3f\" data-headings-color=\"#443f3f\" class=\"panel-widget-style panel-widget-style-for-9-3-1-0\" ><div class=\"so-widget-sow-editor so-widget-sow-editor-base\">\n<div class=\"siteorigin-widget-tinymce textwidget\">\n\t<h2>Poradensk\u00fd servis<\/h2>\n<ul>\n<li>prov\u011b\u0159en\u00ed kvality a efektivity \u00faklidov\u00fdch prac\u00ed (vlastn\u00edch \u010di dodavatelsk\u00fdch)<\/li>\n<li>nastaven\u00ed kontroln\u00edch mechanizm\u016f pro sledov\u00e1n\u00ed n\u00e1kladovosti \u00faklidov\u00fdch prac\u00ed<\/li>\n<li>pasportizace \u00faklidov\u00fdch ploch<\/li>\n<li>vytvo\u0159en\u00ed standard\u016f \u00faklidu<\/li>\n<li>poradensk\u00e1 \u010dinnost p\u0159i \u0159e\u0161en\u00ed technick\u00e9ho a materi\u00e1lov\u00e9ho vybaven\u00ed<\/li>\n<li>v\u00fdb\u011br nejvhodn\u011bj\u0161\u00edch chemick\u00fdch p\u0159\u00edpravk\u016f<\/li>\n<li>\u0159e\u0161en\u00ed specifick\u00fdch po\u017eadavk\u016f<\/li>\n<li>tvorba hygienick\u00fdch pl\u00e1n\u016f<\/li>\n<li>posouzen\u00ed cenov\u00fdch nab\u00eddek na \u00faklidov\u00e9 pr\u00e1ce<\/li>\n<\/ul>\n<\/div>\n<\/div><\/div><\/div><div id=\"panel-9-3-1-1\" class=\"so-panel widget widget_sow-button panel-last-child\" data-index=\"11\" ><div style=\"text-align: left;\" data-title-color=\"#443f3f\" data-headings-color=\"#443f3f\" class=\"panel-widget-style panel-widget-style-for-9-3-1-1\" ><div class=\"so-widget-sow-button so-widget-sow-button-flat-4d1579b7213f\"><div class=\"ow-button-base ow-button-align-center\">\n\t<a href=\"https:\/\/www.cleaningsupport.cz\/?page_id=7\" class=\"ow-icon-placement-left ow-button-hover\" \t\t>\n\t\t<span>\n\t\t\t<span class=\"sow-icon-fontawesome sow-fas\" data-sow-icon=\"&#xf303;\"\n\t\t ><\/span>\n\t\t\tPoslat popt\u00e1vku\t\t<\/span>\n\t<\/a>\n<\/div>\n<\/div><\/div><\/div><\/div><\/div><\/div><div id=\"pg-9-4\"  class=\"panel-grid panel-has-style\" ><div style=\"padding: 10px 0; \" data-overlay=\"true\" data-overlay-color=\"#000000\" class=\"panel-row-style panel-row-style-for-9-4\" ><div id=\"pgc-9-4-0\"  class=\"panel-grid-cell\" ><div id=\"panel-9-4-0-0\" class=\"so-panel widget widget_media_image panel-first-child panel-last-child\" data-index=\"12\" ><div style=\"text-align: left;\" data-title-color=\"#443f3f\" data-headings-color=\"#443f3f\" class=\"panel-widget-style panel-widget-style-for-9-4-0-0\" ><img width=\"300\" height=\"200\" src=\"https:\/\/www.cleaningsupport.cz\/wp-content\/uploads\/2017\/11\/public-toilet-300x200.png\" class=\"image wp-image-134  attachment-medium size-medium\" alt=\"\" loading=\"lazy\" style=\"max-width: 100%; height: auto;\" srcset=\"https:\/\/www.cleaningsupport.cz\/wp-content\/uploads\/2017\/11\/public-toilet.png 300w, https:\/\/www.cleaningsupport.cz\/wp-content\/uploads\/2017\/11\/public-toilet-230x153.png 230w, https:\/\/www.cleaningsupport.cz\/wp-content\/uploads\/2017\/11\/public-toilet-272x182.png 272w\" sizes=\"(max-width: 300px) 100vw, 300px\" \/><\/div><\/div><\/div><div id=\"pgc-9-4-1\"  class=\"panel-grid-cell\" ><div id=\"panel-9-4-1-0\" class=\"so-panel widget widget_sow-editor panel-first-child\" data-index=\"13\" ><div style=\"text-align: left;\" data-title-color=\"#443f3f\" data-headings-color=\"#443f3f\" class=\"panel-widget-style panel-widget-style-for-9-4-1-0\" ><div class=\"so-widget-sow-editor so-widget-sow-editor-base\">\n<div class=\"siteorigin-widget-tinymce textwidget\">\n\t<h2>Hygienick\u00fd servis<\/h2>\n<ul>\n<li>prodej a dopl\u0148ov\u00e1n\u00ed toaletn\u00edho a hygienick\u00e9ho\u00a0materi\u00e1lu<\/li>\n<li>prodej a instalace d\u00e1vkova\u010d\u016f a z\u00e1sobn\u00edk\u016f hygienick\u00e9ho materi\u00e1lu<\/li>\n<li>prodej a pron\u00e1jem vstupn\u00edch roho\u017e\u00ed a \u010dist\u00edc\u00edch z\u00f3n<\/li>\n<\/ul>\n<\/div>\n<\/div><\/div><\/div><div id=\"panel-9-4-1-1\" class=\"so-panel widget widget_sow-button panel-last-child\" data-index=\"14\" ><div style=\"text-align: left;\" data-title-color=\"#443f3f\" data-headings-color=\"#443f3f\" class=\"panel-widget-style panel-widget-style-for-9-4-1-1\" ><div class=\"so-widget-sow-button so-widget-sow-button-flat-4d1579b7213f\"><div class=\"ow-button-base ow-button-align-center\">\n\t<a href=\"https:\/\/www.cleaningsupport.cz\/?page_id=7\" class=\"ow-icon-placement-left ow-button-hover\" \t\t>\n\t\t<span>\n\t\t\t<span class=\"sow-icon-fontawesome sow-fas\" data-sow-icon=\"&#xf303;\"\n\t\t ><\/span>\n\t\t\tPoslat popt\u00e1vku\t\t<\/span>\n\t<\/a>\n<\/div>\n<\/div><\/div><\/div><\/div><\/div><\/div><div id=\"pg-9-5\"  class=\"panel-grid panel-has-style\" ><div style=\"padding: 10px 0; \" data-overlay=\"true\" data-overlay-color=\"#000000\" class=\"panel-row-style panel-row-style-for-9-5\" ><div id=\"pgc-9-5-0\"  class=\"panel-grid-cell\" ><div id=\"panel-9-5-0-0\" class=\"so-panel widget widget_media_image panel-first-child panel-last-child\" data-index=\"15\" ><div style=\"text-align: left;\" data-title-color=\"#443f3f\" data-headings-color=\"#443f3f\" class=\"panel-widget-style panel-widget-style-for-9-5-0-0\" ><img width=\"300\" height=\"224\" src=\"https:\/\/www.cleaningsupport.cz\/wp-content\/uploads\/2018\/03\/imageedit_5_9651829566-300x224.png\" class=\"image wp-image-161  attachment-medium size-medium\" alt=\"\" loading=\"lazy\" style=\"max-width: 100%; height: auto;\" srcset=\"https:\/\/www.cleaningsupport.cz\/wp-content\/uploads\/2018\/03\/imageedit_5_9651829566-300x224.png 300w, https:\/\/www.cleaningsupport.cz\/wp-content\/uploads\/2018\/03\/imageedit_5_9651829566-230x172.png 230w, https:\/\/www.cleaningsupport.cz\/wp-content\/uploads\/2018\/03\/imageedit_5_9651829566-350x262.png 350w, https:\/\/www.cleaningsupport.cz\/wp-content\/uploads\/2018\/03\/imageedit_5_9651829566.png 372w\" sizes=\"(max-width: 300px) 100vw, 300px\" \/><\/div><\/div><\/div><div id=\"pgc-9-5-1\"  class=\"panel-grid-cell\" ><div id=\"panel-9-5-1-0\" class=\"so-panel widget widget_sow-editor panel-first-child\" data-index=\"16\" ><div style=\"text-align: left;\" data-title-color=\"#443f3f\" data-headings-color=\"#443f3f\" class=\"panel-widget-style panel-widget-style-for-9-5-1-0\" ><div class=\"so-widget-sow-editor so-widget-sow-editor-base\">\n<div class=\"siteorigin-widget-tinymce textwidget\">\n\t<h2>Dezinfekce, dezinsekce, deratizace<\/h2>\n<ul>\n<li>Deratizace: huben\u00ed a likvidace nebezpe\u010dn\u00fdch hlodavc\u016f (potkani, my\u0161i, krysy, hrabo\u0161i, my\u0161ice...)<\/li>\n<li>Dezinsekce: huben\u00ed hmyzu a ochranu proti hmyzu (\u0161t\u011bnice, \u0161v\u00e1by, vosy, sr\u0161ni, blechy...)<\/li>\n<li>Dezinfekce: ochrana proti pl\u00edsn\u00edm a zabezpe\u010den\u00ed hygienick\u00e9 nez\u00e1vadnosti objekt\u016f<\/li>\n<li>Ochrana proti holub\u016fm: (hrotov\u00e9 syst\u00e9my, s\u00edt\u011b...)<\/li>\n<\/ul>\n<\/div>\n<\/div><\/div><\/div><div id=\"panel-9-5-1-1\" class=\"so-panel widget widget_sow-button panel-last-child\" data-index=\"17\" ><div style=\"text-align: left;\" data-title-color=\"#443f3f\" data-headings-color=\"#443f3f\" class=\"panel-widget-style panel-widget-style-for-9-5-1-1\" ><div class=\"so-widget-sow-button so-widget-sow-button-flat-4d1579b7213f\"><div class=\"ow-button-base ow-button-align-center\">\n\t<a href=\"https:\/\/www.cleaningsupport.cz\/?page_id=7\" class=\"ow-icon-placement-left ow-button-hover\" \t\t>\n\t\t<span>\n\t\t\t<span class=\"sow-icon-fontawesome sow-fas\" data-sow-icon=\"&#xf303;\"\n\t\t ><\/span>\n\t\t\tPoslat popt\u00e1vku\t\t<\/span>\n\t<\/a>\n<\/div>\n<\/div><\/div><\/div><\/div><\/div><\/div><\/div>","protected":false},"excerpt":{"rendered":"<p>Komplexn\u00ed \u00faklidov\u00e9 slu\u017eby pravideln\u00fd denn\u00ed\u00a0\u00faklid administrativn\u00edch prostor pravideln\u00fd denn\u00ed \u00faklid spole\u010dn\u00fdch prostor a soci\u00e1ln\u00edch za\u0159\u00edzen\u00ed denn\u00ed servis \u00faklidov\u00fd a desinfek\u010dn\u00ed servis pro zdravotnick\u00e1 za\u0159\u00edzen\u00ed slu\u017eby pro hotelov\u00e1 za\u0159\u00edzen\u00ed \u00faklid byt\u016f a rodinn\u00fdch dom\u016f Jednor\u00e1zov\u00e9 a gener\u00e1ln\u00ed \u00faklidy myt\u00ed oken, sklen\u011bn\u00fdch p\u0159\u00ed\u010dek myt\u00ed fas\u00e1d v\u00fd\u0161kov\u00e9 pr\u00e1ce \u010di\u0161t\u011bn\u00ed koberc\u016f \u010di\u0161t\u011bn\u00ed \u017ealuzi\u00ed strojov\u00e9 myt\u00ed a \u010di\u0161t\u011bn\u00ed podlah renovace [&hellip;]<\/p>\n","protected":false},"author":1,"featured_media":0,"parent":0,"menu_order":0,"comment_status":"closed","ping_status":"closed","template":"","meta":[],"_links":{"self":[{"href":"https:\/\/www.cleaningsupport.cz\/index.php?rest_route=\/wp\/v2\/pages\/9"}],"collection":[{"href":"https:\/\/www.cleaningsupport.cz\/index.php?rest_route=\/wp\/v2\/pages"}],"about":[{"href":"https:\/\/www.cleaningsupport.cz\/index.php?rest_route=\/wp\/v2\/types\/page"}],"author":[{"embeddable":true,"href":"https:\/\/www.cleaningsupport.cz\/index.php?rest_route=\/wp\/v2\/users\/1"}],"replies":[{"embeddable":true,"href":"https:\/\/www.cleaningsupport.cz\/index.php?rest_route=%2Fwp%2Fv2%2Fcomments&post=9"}],"version-history":[{"count":31,"href":"https:\/\/www.cleaningsupport.cz\/index.php?rest_route=\/wp\/v2\/pages\/9\/revisions"}],"predecessor-version":[{"id":163,"href":"https:\/\/www.cleaningsupport.cz\/index.php?rest_route=\/wp\/v2\/pages\/9\/revisions\/163"}],"wp:attachment":[{"href":"https:\/\/www.cleaningsupport.cz\/index.php?rest_route=%2Fwp%2Fv2%2Fmedia&parent=9"}],"curies":[{"name":"wp","href":"https:\/\/api.w.org\/{rel}","templated":true}]}}